{"id":8,"date":"2014-04-28T13:42:22","date_gmt":"2014-04-28T17:42:22","guid":{"rendered":"https:\/\/sportseco.com\/about-us\/"},"modified":"2024-07-05T18:44:08","modified_gmt":"2024-07-05T22:44:08","slug":"gallery-3","status":"publish","type":"page","link":"https:\/\/sportseco.com\/?page_id=8","title":{"rendered":"About Us-Acerca de nosotros."},"content":{"rendered":"<p>Fundada por Arley Londo\u00f1o Hernandez, \u00a0www.SportsEco.com, nace un 28 de abril del 2014, con el objetivo primordial de informar sobre Deportes y Ecologia\u2026<\/p>\n<p>Con informacion podemos ayudar a proteger nuestro planeta\u2026.El unico que tenemos\u2026<br \/>\nEl deporte es una gran via para generar interes en el ser humano, manteniendo la premisa de Mente sana, cuerpo sano, planeta sano\u2026<\/p>\n<p>Comunicador en toda la extension de la palabra&#8230;Con mas de 40 a\u00f1os de experiencia en los principales medios de comunicacion en Colombia y Estados Unidos..\u2026Inicios en 1974, en la Radio Musical, Noticiosa y Deportiva con Todelar, presentador de Noticias en el Noticiero Tevemundo y narrador deportivo del Pool de RTI-PUNCH Y CARACOL, decada de los 80&#8217;\u2026y Caracol Radio. \u00a0Antes en 1971, despues de los juegos Panamericanos celebrados en Cali, Colombia, se vincula como mensajero a la Voz de Cali de Todelar, oficio que desempe\u00f1o por 18 meses, hasta ser ascendido a Operador de Sonido de Radio Uno.<\/p>\n<p>Desde 1987 en Estados Unidos vinculado con algunas de las principales empresas de comunicaci\u00f3n\u2026comenzando en los Angeles Canal 52, inicios de la Cadena Telemundo\u2026y posteriormente con la Cadena en Miami..Radio Klaridad-(hoy Caracol) SBS, CMQ 1210 AM, Narrador de los Florida Panthers\u2026Canal 41, CNN, GOLTV y Directv Sports\u2026.<\/p>\n<p><a href=\"https:\/\/sportseco.com\/gallery-3\/dsc04122-dng\/\" rel=\"attachment wp-att-65476\"><img data-recalc-dims=\"1\" loading=\"lazy\" decoding=\"async\" class=\"alignnone size-medium wp-image-65476\" src=\"https:\/\/i0.wp.com\/sportseco.com\/wp-content\/uploads\/2018\/09\/DSC04122.dng_-200x300.jpg?resize=200%2C300&#038;ssl=1\" alt=\"\" width=\"200\" height=\"300\" \/><\/a><\/p>\n<p>www.SportsEco.com, fusiona Deportes y Ecologia\u2026Inspirados fundamentalmente en la memoria de mi hermano, Jamher Londo\u00f1o Hernandez, fallecido el 26 de Septiembre del 2010 y quien fundo OceanosVirtual, el corazon azul de la tierra, primera emisora ecologica en Internet\u2026asi la identificaba&#8230;<\/p>\n<p>\u00abOc\u00e9anos es una emisora ecol\u00f3gica virtual, un viaje de muchas voluntades empe\u00f1adas en salvar nuestro fr\u00e1gil hogar.\u00bb<\/p>\n<p>\u00abBienvenidos a la revoluci\u00f3n pac\u00edfica del mundo virtual, con toda la devoci\u00f3n que nos permitir\u00e0 luchar por un mundo mejor.\u00bb<\/p>\n<p><span style=\"line-height: 1.5;\">Jamher asi desperto en toda la familia la preocupacion por el grave deterioro que vive nuestro planeta. nos ense\u00f1o entre otros metodos de ayuda, a RECICLAR\u2026.<\/span><\/p>\n<p>Tambi\u00e9n nos inspir\u00f3 FULECO, la mascota de Brasil 2014, que fusiona, Futbol-Ecologia\u2026Un armadillo en via de extinci\u00f3n&#8230;<\/p>\n<p>Por eso hemos elegido una abeja como nuestra mascota-logo, porque es un insecto clave en la cadena alimenticia, por la polinizaci\u00f3n \u00a0para la produccion de frutas y vegetales entre otros alimentos y se encuentra en via de extinci\u00f3n.<\/p>\n<div class=\"page\" title=\"Page 1\">\n<div class=\"layoutArea\">\n<div class=\"column\">\n<p>Las abejas son los polinizadores m\u00e1s conocidos y existen entre 25 .000 y 30 000 especies.<\/p>\n<div class=\"page\" title=\"Page 1\">\n<div class=\"layoutArea\">\n<div class=\"column\">\n<p>Proteger a las abejas y dem\u00e1s polinizadores forma parte de la lucha contra el hambre en el mundo.<\/p>\n<\/div>\n<\/div>\n<\/div>\n<\/div>\n<\/div>\n<\/div>\n","protected":false},"excerpt":{"rendered":"<p>Fundada por Arley Londo\u00f1o Hernandez, \u00a0www.SportsEco.com, nace un 28 de abril del 2014, con el objetivo primordial de informar sobre Deportes y Ecologia\u2026 Con informacion podemos ayudar a proteger nuestro planeta\u2026.El unico que tenemos\u2026 El deporte es una gran via para generar interes en el ser humano, manteniendo la premisa de Mente sana, cuerpo sano, [&hellip;]<\/p>\n","protected":false},"author":1,"featured_media":0,"parent":0,"menu_order":6,"comment_status":"closed","ping_status":"closed","template":"","meta":{"_acf_changed":false,"footnotes":""},"class_list":["post-8","page","type-page","status-publish","hentry"],"acf":[],"jetpack_sharing_enabled":true,"_links":{"self":[{"href":"https:\/\/sportseco.com\/index.php?rest_route=\/wp\/v2\/pages\/8","targetHints":{"allow":["GET"]}}],"collection":[{"href":"https:\/\/sportseco.com\/index.php?rest_route=\/wp\/v2\/pages"}],"about":[{"href":"https:\/\/sportseco.com\/index.php?rest_route=\/wp\/v2\/types\/page"}],"author":[{"embeddable":true,"href":"https:\/\/sportseco.com\/index.php?rest_route=\/wp\/v2\/users\/1"}],"replies":[{"embeddable":true,"href":"https:\/\/sportseco.com\/index.php?rest_route=%2Fwp%2Fv2%2Fcomments&post=8"}],"version-history":[{"count":18,"href":"https:\/\/sportseco.com\/index.php?rest_route=\/wp\/v2\/pages\/8\/revisions"}],"predecessor-version":[{"id":169179,"href":"https:\/\/sportseco.com\/index.php?rest_route=\/wp\/v2\/pages\/8\/revisions\/169179"}],"wp:attachment":[{"href":"https:\/\/sportseco.com\/index.php?rest_route=%2Fwp%2Fv2%2Fmedia&parent=8"}],"curies":[{"name":"wp","href":"https:\/\/api.w.org\/{rel}","templated":true}]}}